{"id":27,"date":"2018-04-27T09:50:33","date_gmt":"2018-04-27T09:50:33","guid":{"rendered":"http:\/\/3er-audio.de\/wp\/?page_id=27"},"modified":"2025-06-06T14:38:59","modified_gmt":"2025-06-06T14:38:59","slug":"service","status":"publish","type":"page","link":"http:\/\/3er-audio.de\/wp\/referenzen\/service\/","title":{"rendered":"Service"},"content":{"rendered":"<div class=\"wpb-content-wrapper\"><p>[vc_row full_width=&#8220;stretch_row_content_no_spaces&#8220;][vc_column][vc_single_image image=&#8220;95&#8243; img_size=&#8220;full&#8220;][vc_row_inner][vc_column_inner width=&#8220;1\/6&#8243;][\/vc_column_inner][vc_column_inner width=&#8220;2\/3&#8243;][vc_custom_heading text=&#8220;Service von Tonstudiotechnik &#8220; use_theme_fonts=&#8220;yes&#8220;][vc_column_text]Der Service von Tonstudiotechnik geh\u00f6rt mittlerweile zu unserem Kerngesch\u00e4ft. Wir haben uns im Laufe der Zeit darauf spezialisiert, die edlen Ger\u00e4te der Studiotechnik mit Hilfe von sehr guter Messtechnik zu \u00fcberholen, zu reparieren und vor allem vern\u00fcnftig zu kalibrieren und sie wieder in einen neuwertigen Zustand zu versetzten. Unsere Kunden sch\u00e4tzen unsere sehr gewissenhafte Arbeit, die wir nicht nur mit Hilfe von Messtechnik, sondern auch durch H\u00f6ren in unserer eigenen, akustisch perfekt ausgebauten und eingerichteten Regie ausf\u00fchren. Jedes Ger\u00e4t wird nach der technischen \u00dcberholung in einem ausgiebigen H\u00f6rtest gepr\u00fcft und erst dann wieder in den Versand gegeben.<\/p>\n<p>F\u00fcr uns stellt auch die Beschaffung von \u201enicht mehr erh\u00e4ltlichen\u201c Bauteilen in der Regel kein Problem dar und so konnten wir vielen Kunden helfen, die sich vertrauensvoll an uns gewandt haben.<\/p>\n<p>Bitte z\u00f6gern sie nicht uns anzusprechen, wenn Sie ein Problem mit einem Ger\u00e4t haben, oder es auch nur einmal \u00fcberpr\u00fcfen lassen wollen. Wir freuen uns auf jede Herausforderung.[\/vc_column_text][\/vc_column_inner][vc_column_inner width=&#8220;1\/6&#8243;][\/vc_column_inner][\/vc_row_inner][\/vc_column][\/vc_row]\n<\/div>","protected":false},"excerpt":{"rendered":"<p>[vc_row full_width=&#8220;stretch_row_content_no_spaces&#8220;][vc_column][vc_single_image image=&#8220;95&#8243; img_size=&#8220;full&#8220;][vc_row_inner][vc_column_inner width=&#8220;1\/6&#8243;][\/vc_column_inner][vc_column_inner width=&#8220;2\/3&#8243;][vc_custom_heading text=&#8220;Service von Tonstudiotechnik &#8220; use_theme_fonts=&#8220;yes&#8220;][vc_column_text]Der Service von Tonstudiotechnik geh\u00f6rt mittlerweile zu unserem Kerngesch\u00e4ft. Wir haben uns im Laufe der Zeit darauf spezialisiert, die edlen Ger\u00e4te der Studiotechnik mit Hilfe von sehr guter Messtechnik zu \u00fcberholen, zu reparieren und vor allem vern\u00fcnftig zu kalibrieren und sie wieder in einen neuwertigen&#8230;<\/p>\n","protected":false},"author":1,"featured_media":0,"parent":17,"menu_order":0,"comment_status":"closed","ping_status":"closed","template":"","meta":{"footnotes":""},"class_list":["post-27","page","type-page","status-publish","hentry"],"_links":{"self":[{"href":"http:\/\/3er-audio.de\/wp\/wp-json\/wp\/v2\/pages\/27","targetHints":{"allow":["GET"]}}],"collection":[{"href":"http:\/\/3er-audio.de\/wp\/wp-json\/wp\/v2\/pages"}],"about":[{"href":"http:\/\/3er-audio.de\/wp\/wp-json\/wp\/v2\/types\/page"}],"author":[{"embeddable":true,"href":"http:\/\/3er-audio.de\/wp\/wp-json\/wp\/v2\/users\/1"}],"replies":[{"embeddable":true,"href":"http:\/\/3er-audio.de\/wp\/wp-json\/wp\/v2\/comments?post=27"}],"version-history":[{"count":3,"href":"http:\/\/3er-audio.de\/wp\/wp-json\/wp\/v2\/pages\/27\/revisions"}],"predecessor-version":[{"id":97,"href":"http:\/\/3er-audio.de\/wp\/wp-json\/wp\/v2\/pages\/27\/revisions\/97"}],"up":[{"embeddable":true,"href":"http:\/\/3er-audio.de\/wp\/wp-json\/wp\/v2\/pages\/17"}],"wp:attachment":[{"href":"http:\/\/3er-audio.de\/wp\/wp-json\/wp\/v2\/media?parent=27"}],"curies":[{"name":"wp","href":"https:\/\/api.w.org\/{rel}","templated":true}]}}